{"id":8647,"date":"2022-04-21T15:44:37","date_gmt":"2022-04-21T15:44:37","guid":{"rendered":"https:\/\/www.bkadventure.com\/?page_id=8647"},"modified":"2022-04-22T20:12:09","modified_gmt":"2022-04-22T20:12:09","slug":"aqui-esta-el-regalo-perfecto-para-el-aventurero-de-florida-en-tu-vida","status":"publish","type":"page","link":"https:\/\/www.bkadventure.com\/es\/aqui-esta-el-regalo-perfecto-para-el-aventurero-de-florida-en-tu-vida\/","title":{"rendered":"\u00a1Aqu\u00ed est\u00e1 el regalo perfecto para el aventurero de Florida en tu vida!"},"content":{"rendered":"<h1>\u00a1Aqu\u00ed est\u00e1 el regalo perfecto para el aventurero de Florida en tu vida!<\/h1>\n<p>\u00bfConoces a alguien que ama la naturaleza? \u00bfAma el kayak, el senderismo o el ciclismo? Entonces, un certificado de regalo de BK Adventure es perfecto para ese aventurero.<\/p>\n<p><a href=\"https:\/\/live.tripkee.com\/TripKeeDev\/online-gift-card\/9026\" role=\"button\"><br \/>\nComprar tarjeta de regalo<br \/>\n<\/a><br \/>\n<img fetchpriority=\"high\" decoding=\"async\" width=\"768\" height=\"534\" src=\"https:\/\/www.bkadventure.com\/wp-content\/uploads\/2022\/04\/gift-card-768x534.png\" alt=\"\" srcset=\"https:\/\/www.bkadventure.com\/wp-content\/uploads\/2022\/04\/gift-card-768x534.png 768w, https:\/\/www.bkadventure.com\/wp-content\/uploads\/2022\/04\/gift-card-300x209.png 300w, https:\/\/www.bkadventure.com\/wp-content\/uploads\/2022\/04\/gift-card-800x557.png 800w, https:\/\/www.bkadventure.com\/wp-content\/uploads\/2022\/04\/gift-card.png 891w\" sizes=\"(max-width: 768px) 100vw, 768px\" data-wp-pid=\"8490\"><\/p>\n<h2>\u00bfNecesita un regalo \u00fanico? \u00a1D\u00e9 el regalo de la aventura este a\u00f1o!<\/h2>\n<h4>\n\t\t\t\t\t\tPASO 1<\/h4>\n<p>Haga clic en el bot\u00f3n COMPRAR TARJETA DE REGALO y elija una cantidad. \u00a1No olvides escribir un mensaje al destinatario!<\/p>\n<h4>\n\t\t\t\t\t\tPASO 2<\/h4>\n<p>Una vez que se retire, la tarjeta de regalo se enviar\u00e1 por correo electr\u00f3nico a la persona que elija como destinatario de este emocionante regalo.<\/p>\n<p><strong>Imprimir y dar:<\/strong> Si desea imprimir su certificado de regalo, coloque su propio correo electr\u00f3nico en la secci\u00f3n de correo electr\u00f3nico \u00abdestinatario\u00bb. Llegar\u00e1 a su bandeja de entrada y podr\u00e1 imprimirlo desde su computadora.<\/p>\n<h4>\n\t\t\t\t\t\tPASO 3<\/h4>\n<p>\u00a1Canjear\u00e1n el c\u00f3digo de regalo al reservar tours con BK Adventure!<\/p>\n","protected":false},"excerpt":{"rendered":"<p>\u00a1Aqu\u00ed est\u00e1 el regalo perfecto para el aventurero de Florida en tu vida! \u00bfConoces a alguien que ama la naturaleza? \u00bfAma el kayak, el senderismo o el ciclismo? Entonces, un certificado de regalo de BK Adventure es perfecto para ese aventurero. Comprar tarjeta de regalo \u00bfNecesita un regalo \u00fanico? \u00a1D\u00e9 el regalo de la aventura &hellip; <\/p>\n<p class=\"mt-4\"><a class=\"read-more btn btn-lg btn-primary\" href=\"https:\/\/www.bkadventure.com\/es\/aqui-esta-el-regalo-perfecto-para-el-aventurero-de-florida-en-tu-vida\/\" aria-label=\"Leer m\u00e1s about \u00a1Aqu\u00ed est\u00e1 el regalo perfecto para el aventurero de Florida en tu vida!\">Leer m\u00e1s<\/a><\/p>\n","protected":false},"author":1,"featured_media":8491,"parent":0,"menu_order":0,"comment_status":"closed","ping_status":"closed","template":"","meta":{"_acf_changed":false,"footnotes":""},"class_list":["post-8647","page","type-page","status-publish","has-post-thumbnail","hentry"],"acf":[],"yoast_head":"<!-- This site is optimized with the Yoast SEO plugin v27.6 - https:\/\/yoast.com\/product\/yoast-seo-wordpress\/ -->\n<title>\u00a1Aqu\u00ed est\u00e1 el regalo perfecto para el aventurero de Florida en tu vida!<\/title>\n<meta name=\"description\" content=\"\u00bfConoces a alguien que ama la naturaleza? \u00bfAma el kayak, el senderismo o el ciclismo? Entonces, un certificado de regalo de BK Adventure es perfecto para ese aventurero. Comprar tarjeta de regalo \u00bfNecesita un regalo \u00fanico? \u00a1D\u00e9 el regalo de la aventura este a\u00f1o!\" \/>\n<meta name=\"robots\" content=\"index, follow, max-snippet:-1, max-image-preview:large, max-video-preview:-1\" \/>\n<link rel=\"canonical\" href=\"https:\/\/www.bkadventure.com\/es\/aqui-esta-el-regalo-perfecto-para-el-aventurero-de-florida-en-tu-vida\/\" \/>\n<script type=\"application\/ld+json\" class=\"yoast-schema-graph\">{\"@context\":\"https:\\\/\\\/schema.org\",\"@graph\":[{\"@type\":\"BreadcrumbList\",\"@id\":\"https:\\\/\\\/www.bkadventure.com\\\/es\\\/aqui-esta-el-regalo-perfecto-para-el-aventurero-de-florida-en-tu-vida\\\/#breadcrumb\",\"itemListElement\":[{\"@type\":\"ListItem\",\"position\":1,\"name\":\"Home\",\"item\":\"https:\\\/\\\/www.bkadventure.com\\\/es\\\/\"},{\"@type\":\"ListItem\",\"position\":2,\"name\":\"\u00a1Aqu\u00ed est\u00e1 el regalo perfecto para el aventurero de Florida en tu vida!\"}]}]}<\/script>\n<!-- \/ Yoast SEO plugin. -->","yoast_head_json":{"title":"\u00a1Aqu\u00ed est\u00e1 el regalo perfecto para el aventurero de Florida en tu vida!","description":"\u00bfConoces a alguien que ama la naturaleza? \u00bfAma el kayak, el senderismo o el ciclismo? Entonces, un certificado de regalo de BK Adventure es perfecto para ese aventurero. Comprar tarjeta de regalo \u00bfNecesita un regalo \u00fanico? \u00a1D\u00e9 el regalo de la aventura este a\u00f1o!","robots":{"index":"index","follow":"follow","max-snippet":"max-snippet:-1","max-image-preview":"max-image-preview:large","max-video-preview":"max-video-preview:-1"},"canonical":"https:\/\/www.bkadventure.com\/es\/aqui-esta-el-regalo-perfecto-para-el-aventurero-de-florida-en-tu-vida\/","schema":{"@context":"https:\/\/schema.org","@graph":[{"@type":"BreadcrumbList","@id":"https:\/\/www.bkadventure.com\/es\/aqui-esta-el-regalo-perfecto-para-el-aventurero-de-florida-en-tu-vida\/#breadcrumb","itemListElement":[{"@type":"ListItem","position":1,"name":"Home","item":"https:\/\/www.bkadventure.com\/es\/"},{"@type":"ListItem","position":2,"name":"\u00a1Aqu\u00ed est\u00e1 el regalo perfecto para el aventurero de Florida en tu vida!"}]}]}},"jetpack_shortlink":"https:\/\/wp.me\/P70QlW-2ft","jetpack-related-posts":[{"id":4332,"url":"https:\/\/www.bkadventure.com\/es\/florida-bioluminiscencia-en-kayaks\/","url_meta":{"origin":8647,"position":0},"title":"Bioluminiscencia en kayaks y rafts","author":"BK Adventure","date":"octubre 8, 2016","format":false,"excerpt":"Bioluminescent kayaking tour in Florida. Departs every night near Space Coast and Orlando.","rel":"","context":"Entrada similar","block_context":{"text":"Entrada similar","link":""},"img":{"alt_text":"Smiling kayakers paddle under a starry night sky, surrounded by glowing blue bioluminescent waters.","src":"https:\/\/i0.wp.com\/www.bkadventure.com\/wp-content\/uploads\/2018\/04\/Bioluminescence-Haulover-Canal-Photo-600x400-web.jpg?resize=350%2C200&ssl=1","width":350,"height":200,"srcset":"https:\/\/i0.wp.com\/www.bkadventure.com\/wp-content\/uploads\/2018\/04\/Bioluminescence-Haulover-Canal-Photo-600x400-web.jpg?resize=350%2C200&ssl=1 1x, https:\/\/i0.wp.com\/www.bkadventure.com\/wp-content\/uploads\/2018\/04\/Bioluminescence-Haulover-Canal-Photo-600x400-web.jpg?resize=525%2C300&ssl=1 1.5x"},"classes":[]},{"id":4312,"url":"https:\/\/www.bkadventure.com\/es\/","url_meta":{"origin":8647,"position":1},"title":"Home Page &#8211; Spanish","author":"BK Adventure","date":"febrero 1, 2016","format":false,"excerpt":"\u00a1Las principales Aventuras de Bioluminiscencia en la Florida! BK Adventure tiene un recorrido para todos. Pruebe el kayak en t\u00e1ndem tradicional, una balsa familiar (ideal para ni\u00f1os, personas mayores o grupos) y los incre\u00edbles kayaks transparentes: \u00a1100% transparentes!BK Adventure (407) 519-8711 Carol Ressler Nuestro viaje fue dos d\u00edas despu\u00e9s de\u2026","rel":"","context":"Entrada similar","block_context":{"text":"Entrada similar","link":""},"img":{"alt_text":"Two people in Florida doing Bioluminescence kayaking.  ","src":"https:\/\/i0.wp.com\/www.bkadventure.com\/wp-content\/uploads\/2025\/01\/Website-Cover-BK-A-1.jpg?resize=350%2C200&ssl=1","width":350,"height":200,"srcset":"https:\/\/i0.wp.com\/www.bkadventure.com\/wp-content\/uploads\/2025\/01\/Website-Cover-BK-A-1.jpg?resize=350%2C200&ssl=1 1x, https:\/\/i0.wp.com\/www.bkadventure.com\/wp-content\/uploads\/2025\/01\/Website-Cover-BK-A-1.jpg?resize=525%2C300&ssl=1 1.5x, https:\/\/i0.wp.com\/www.bkadventure.com\/wp-content\/uploads\/2025\/01\/Website-Cover-BK-A-1.jpg?resize=700%2C400&ssl=1 2x, https:\/\/i0.wp.com\/www.bkadventure.com\/wp-content\/uploads\/2025\/01\/Website-Cover-BK-A-1.jpg?resize=1050%2C600&ssl=1 3x, https:\/\/i0.wp.com\/www.bkadventure.com\/wp-content\/uploads\/2025\/01\/Website-Cover-BK-A-1.jpg?resize=1400%2C800&ssl=1 4x"},"classes":[]},{"id":4287,"url":"https:\/\/www.bkadventure.com\/es\/ofertas-de-trabajo-en-bk-adventure\/","url_meta":{"origin":8647,"position":2},"title":"Ofertas de trabajo en BK Adventure","author":"BK Adventure","date":"enero 8, 2018","format":false,"excerpt":"Ofertas de trabajo en BK Adventure \u00bfEres aventurero y te gustar\u00eda trabajar connosotros? \u00a1Estamos contratando!\u00a0\u00bfTe gusta el aire libre, la aventura, el kayak, el ciclismo ycontarle a la gente todo sobre la naturaleza? Entonces queremos saber de ti.\u00a0Tenemos puestos abiertos en los siguientes departamentos:Gu\u00edas - Bioluminiscente Kayaking temporada de veranoContratamos\u2026","rel":"","context":"Entrada similar","block_context":{"text":"Entrada similar","link":""},"img":{"alt_text":"","src":"https:\/\/i0.wp.com\/www.bkadventure.com\/wp-content\/uploads\/2016\/06\/cropped-econ.jpeg?resize=350%2C200&ssl=1","width":350,"height":200,"srcset":"https:\/\/i0.wp.com\/www.bkadventure.com\/wp-content\/uploads\/2016\/06\/cropped-econ.jpeg?resize=350%2C200&ssl=1 1x, https:\/\/i0.wp.com\/www.bkadventure.com\/wp-content\/uploads\/2016\/06\/cropped-econ.jpeg?resize=525%2C300&ssl=1 1.5x, https:\/\/i0.wp.com\/www.bkadventure.com\/wp-content\/uploads\/2016\/06\/cropped-econ.jpeg?resize=700%2C400&ssl=1 2x"},"classes":[]},{"id":4282,"url":"https:\/\/www.bkadventure.com\/es\/politica-de-cancelacion-y-reembolso\/","url_meta":{"origin":8647,"position":3},"title":"Pol\u00edtica de cancelaci\u00f3n y reembolso","author":"BK Adventure","date":"abril 26, 2017","format":false,"excerpt":"Pol\u00edtica de Cancelaci\u00f3n y Reembolso POL\u00cdTICA DE CANCELACI\u00d3N Debido a la alta demanda de nuestros tours, todas las ventas son finales y no ofrecemos reembolsos. Sin embargo, entendemos que la vida puede tomar un desv\u00edo inesperado y estaremos encantados de reprogramar la fecha\/hora de su tour si nos avisa con\u2026","rel":"","context":"Entrada similar","block_context":{"text":"Entrada similar","link":""},"img":{"alt_text":"","src":"","width":0,"height":0},"classes":[]},{"id":4360,"url":"https:\/\/www.bkadventure.com\/es\/ciclismo-de-montana-orlando-florida\/","url_meta":{"origin":8647,"position":4},"title":"Ciclismo de monta\u00f1a &#8211; Orlando, Florida","author":"BK Adventure","date":"febrero 1, 2016","format":false,"excerpt":"Rutas de ciclismo de monta\u00f1a cerca de Orlando El centro de Florida y el \u00e1rea de Orlando son un excelente lugar para el ciclismo de monta\u00f1a. Hay senderos a una hora (en autom\u00f3vil) de Disney y de las atracciones de la International Drive. BK Adventure ofrece recorridos en bicicleta de\u2026","rel":"","context":"Entrada similar","block_context":{"text":"Entrada similar","link":""},"img":{"alt_text":"","src":"https:\/\/i0.wp.com\/www.bkadventure.com\/wp-content\/uploads\/2016\/04\/IMG_3329.jpg?resize=350%2C200&ssl=1","width":350,"height":200,"srcset":"https:\/\/i0.wp.com\/www.bkadventure.com\/wp-content\/uploads\/2016\/04\/IMG_3329.jpg?resize=350%2C200&ssl=1 1x, https:\/\/i0.wp.com\/www.bkadventure.com\/wp-content\/uploads\/2016\/04\/IMG_3329.jpg?resize=525%2C300&ssl=1 1.5x, https:\/\/i0.wp.com\/www.bkadventure.com\/wp-content\/uploads\/2016\/04\/IMG_3329.jpg?resize=700%2C400&ssl=1 2x"},"classes":[]},{"id":4351,"url":"https:\/\/www.bkadventure.com\/es\/kayak-en-orlando\/","url_meta":{"origin":8647,"position":5},"title":"Kayak en Orlando","author":"BK Adventure","date":"octubre 19, 2015","format":false,"excerpt":"Kayak en Orlando Kayak con BK Adventure Sunset Kayaking with Bioluminescence Sunset Kayaking with the Manatees. On this AMAZING tour, we visit Manatee Central, where you see manatees in their natural habitat. As the sun goes down, the dolphins like to play. In summer you will see bioluminescent sea life\u2026","rel":"","context":"Entrada similar","block_context":{"text":"Entrada similar","link":""},"img":{"alt_text":"","src":"https:\/\/i0.wp.com\/www.bkadventure.com\/wp-content\/uploads\/2016\/02\/12821382_1577990445857780_2048189791737970733_n.jpg?resize=350%2C200&ssl=1","width":350,"height":200,"srcset":"https:\/\/i0.wp.com\/www.bkadventure.com\/wp-content\/uploads\/2016\/02\/12821382_1577990445857780_2048189791737970733_n.jpg?resize=350%2C200&ssl=1 1x, https:\/\/i0.wp.com\/www.bkadventure.com\/wp-content\/uploads\/2016\/02\/12821382_1577990445857780_2048189791737970733_n.jpg?resize=525%2C300&ssl=1 1.5x, https:\/\/i0.wp.com\/www.bkadventure.com\/wp-content\/uploads\/2016\/02\/12821382_1577990445857780_2048189791737970733_n.jpg?resize=700%2C400&ssl=1 2x"},"classes":[]}],"jetpack_sharing_enabled":true,"amp_enabled":true,"_links":{"self":[{"href":"https:\/\/www.bkadventure.com\/es\/wp-json\/wp\/v2\/pages\/8647","targetHints":{"allow":["GET"]}}],"collection":[{"href":"https:\/\/www.bkadventure.com\/es\/wp-json\/wp\/v2\/pages"}],"about":[{"href":"https:\/\/www.bkadventure.com\/es\/wp-json\/wp\/v2\/types\/page"}],"author":[{"embeddable":true,"href":"https:\/\/www.bkadventure.com\/es\/wp-json\/wp\/v2\/users\/1"}],"replies":[{"embeddable":true,"href":"https:\/\/www.bkadventure.com\/es\/wp-json\/wp\/v2\/comments?post=8647"}],"version-history":[{"count":8,"href":"https:\/\/www.bkadventure.com\/es\/wp-json\/wp\/v2\/pages\/8647\/revisions"}],"predecessor-version":[{"id":8655,"href":"https:\/\/www.bkadventure.com\/es\/wp-json\/wp\/v2\/pages\/8647\/revisions\/8655"}],"wp:featuredmedia":[{"embeddable":true,"href":"https:\/\/www.bkadventure.com\/es\/wp-json\/wp\/v2\/media\/8491"}],"wp:attachment":[{"href":"https:\/\/www.bkadventure.com\/es\/wp-json\/wp\/v2\/media?parent=8647"}],"curies":[{"name":"wp","href":"https:\/\/api.w.org\/{rel}","templated":true}]}}