{"id":4360,"date":"2016-02-01T19:34:40","date_gmt":"2016-02-01T19:34:40","guid":{"rendered":"https:\/\/www.bkadventure.com\/?page_id=4360"},"modified":"2019-08-20T13:48:12","modified_gmt":"2019-08-20T13:48:12","slug":"ciclismo-de-montana-orlando-florida","status":"publish","type":"page","link":"https:\/\/www.bkadventure.com\/es\/ciclismo-de-montana-orlando-florida\/","title":{"rendered":"Ciclismo de monta\u00f1a &#8211; Orlando, Florida"},"content":{"rendered":"<p><a href=\"https:\/\/www.bkadventure.com\/wp-content\/uploads\/2016\/06\/File_000-10.jpeg\"><img fetchpriority=\"high\" decoding=\"async\" class=\"alignleft wp-image-630\" src=\"https:\/\/www.bkadventure.com\/wp-content\/uploads\/2016\/06\/File_000-10.jpeg\" alt=\"mountain bike trails orlando\" width=\"500\" height=\"432\" srcset=\"https:\/\/www.bkadventure.com\/wp-content\/uploads\/2016\/06\/File_000-10.jpeg 1000w, https:\/\/www.bkadventure.com\/wp-content\/uploads\/2016\/06\/File_000-10-600x518.jpeg 600w, https:\/\/www.bkadventure.com\/wp-content\/uploads\/2016\/06\/File_000-10-300x259.jpeg 300w, https:\/\/www.bkadventure.com\/wp-content\/uploads\/2016\/06\/File_000-10-768x664.jpeg 768w, https:\/\/www.bkadventure.com\/wp-content\/uploads\/2016\/06\/File_000-10-800x691.jpeg 800w\" sizes=\"(max-width: 500px) 100vw, 500px\" \/><\/a><\/p>\n<h3>Rutas de ciclismo de monta\u00f1a cerca de Orlando<\/h3>\n<p>El centro de Florida y el \u00e1rea de Orlando son un excelente lugar para el ciclismo de monta\u00f1a. Hay senderos a una hora (en autom\u00f3vil) de Disney y de las atracciones de la International Drive. BK Adventure ofrece recorridos en bicicleta de medio d\u00eda o de d\u00eda completo cerca de Orlando para que experimentes la verdadera Florida. \u00a1El bosque estatal Little Big Econ es un tesoro del \u00a8Sunshine State\u00a8! Cuando necesite algo que hacer lejos del bullicio de los parques tem\u00e1ticos, pase un d\u00eda con nuestros gu\u00edas de turismo ecol\u00f3gico y ver\u00e1 lo mejor de la vida salvaje de la Florida.<\/p>\n<h3>\u00a1Viva Florida como un local!<\/h3>\n<p>Muchas personas a\u00fan no conocen las excelentes rutas boscosas alrededor de Orlando. Como no hay monta\u00f1as en Florida, muchos no piensan en el ciclismo de monta\u00f1a. Sin embargo, nuestra comunidad de ciclismo monta\u00f1oso ha estado creciendo sin parar (y a los locales les gusta mantenerlo un poco secreto e intimo), pero cuando vienes con BK, exploras como un local! As\u00ed que ven y ve la Florida \u00abreal\u00bb de nuestros eco tours en bicicleta.<\/p>\n<p><strong>Tours ecol\u00f3gicos en el bosque de Seminole<\/strong><\/p>\n<p>Llevamos grupos peque\u00f1os al borde del <a href=\"https:\/\/en.wikipedia.org\/wiki\/Econlockhatchee_River\">r\u00edo Econlockhatchee<\/a> y alrededor del bosque estatal. Es probable que vea caimanes cerca del r\u00edo. Para los amantes de las aves, este bosque es el hogar de \u00e1guilas calvas, garzas, arenones y muchas m\u00e1s aves, tanto grandes como peque\u00f1as. Si su grupo tiene tiempo, su gu\u00eda puede dirigirse a una regi\u00f3n del bosque conocida por los ciclistas como \u00abel Outback\u00bb. A menudo se ven venados en esta \u00e1rea y, ocasionalmente, jabal\u00edes.<\/p>\n<h3><strong>Ahora tambi\u00e9n tenemos Expedici\u00f3n en bicicletas Rueda Gorda (Fat Bike) &#8211; Space Coast! <\/strong><\/h3>\n<p>Este tipo de aventuras son las m\u00e1s populares del mundo (seg\u00fan TripAdvisor). \u00a1En este aventura recorre la Costa Espacial con nuestros divertidos gu\u00edas tur\u00edsticos y termina con un buen descanso en la playa!<\/p>\n","protected":false},"excerpt":{"rendered":"<p>Rutas de ciclismo de monta\u00f1a cerca de Orlando El centro de Florida y el \u00e1rea de Orlando son un excelente lugar para el ciclismo de monta\u00f1a. Hay senderos a una hora (en autom\u00f3vil) de Disney y de las atracciones de la International Drive. BK Adventure ofrece recorridos en bicicleta de medio d\u00eda o de d\u00eda &hellip; <\/p>\n<p class=\"mt-4\"><a class=\"read-more btn btn-lg btn-primary\" href=\"https:\/\/www.bkadventure.com\/es\/ciclismo-de-montana-orlando-florida\/\" aria-label=\"Leer m\u00e1s about Ciclismo de monta\u00f1a &#8211; Orlando, Florida\">Leer m\u00e1s<\/a><\/p>\n","protected":false},"author":1,"featured_media":3976,"parent":0,"menu_order":0,"comment_status":"closed","ping_status":"closed","template":"","meta":{"_acf_changed":false,"footnotes":""},"class_list":["post-4360","page","type-page","status-publish","has-post-thumbnail","hentry"],"acf":[],"yoast_head":"<!-- This site is optimized with the Yoast SEO plugin v27.6 - https:\/\/yoast.com\/product\/yoast-seo-wordpress\/ -->\n<title>Ciclismo de monta\u00f1a - Orlando, Florida<\/title>\n<meta name=\"robots\" content=\"index, follow, max-snippet:-1, max-image-preview:large, max-video-preview:-1\" \/>\n<link rel=\"canonical\" href=\"https:\/\/www.bkadventure.com\/es\/ciclismo-de-montana-orlando-florida\/\" \/>\n<script type=\"application\/ld+json\" class=\"yoast-schema-graph\">{\"@context\":\"https:\\\/\\\/schema.org\",\"@graph\":[{\"@type\":\"BreadcrumbList\",\"@id\":\"https:\\\/\\\/www.bkadventure.com\\\/es\\\/ciclismo-de-montana-orlando-florida\\\/#breadcrumb\",\"itemListElement\":[{\"@type\":\"ListItem\",\"position\":1,\"name\":\"Home\",\"item\":\"https:\\\/\\\/www.bkadventure.com\\\/es\\\/\"},{\"@type\":\"ListItem\",\"position\":2,\"name\":\"Ciclismo de monta\u00f1a &#8211; Orlando, Florida\"}]}]}<\/script>\n<!-- \/ Yoast SEO plugin. -->","yoast_head_json":{"title":"Ciclismo de monta\u00f1a - Orlando, Florida","robots":{"index":"index","follow":"follow","max-snippet":"max-snippet:-1","max-image-preview":"max-image-preview:large","max-video-preview":"max-video-preview:-1"},"canonical":"https:\/\/www.bkadventure.com\/es\/ciclismo-de-montana-orlando-florida\/","schema":{"@context":"https:\/\/schema.org","@graph":[{"@type":"BreadcrumbList","@id":"https:\/\/www.bkadventure.com\/es\/ciclismo-de-montana-orlando-florida\/#breadcrumb","itemListElement":[{"@type":"ListItem","position":1,"name":"Home","item":"https:\/\/www.bkadventure.com\/es\/"},{"@type":"ListItem","position":2,"name":"Ciclismo de monta\u00f1a &#8211; Orlando, Florida"}]}]}},"jetpack_shortlink":"https:\/\/wp.me\/P70QlW-18k","jetpack-related-posts":[{"id":4312,"url":"https:\/\/www.bkadventure.com\/es\/","url_meta":{"origin":4360,"position":0},"title":"Home Page &#8211; Spanish","author":"BK Adventure","date":"febrero 1, 2016","format":false,"excerpt":"\u00a1Las principales Aventuras de Bioluminiscencia en la Florida! BK Adventure tiene un recorrido para todos. Pruebe el kayak en t\u00e1ndem tradicional, una balsa familiar (ideal para ni\u00f1os, personas mayores o grupos) y los incre\u00edbles kayaks transparentes: \u00a1100% transparentes!BK Adventure (407) 519-8711 Carol Ressler Nuestro viaje fue dos d\u00edas despu\u00e9s de\u2026","rel":"","context":"Entrada similar","block_context":{"text":"Entrada similar","link":""},"img":{"alt_text":"Two people in Florida doing Bioluminescence kayaking.  ","src":"https:\/\/i0.wp.com\/www.bkadventure.com\/wp-content\/uploads\/2025\/01\/Website-Cover-BK-A-1.jpg?resize=350%2C200&ssl=1","width":350,"height":200,"srcset":"https:\/\/i0.wp.com\/www.bkadventure.com\/wp-content\/uploads\/2025\/01\/Website-Cover-BK-A-1.jpg?resize=350%2C200&ssl=1 1x, https:\/\/i0.wp.com\/www.bkadventure.com\/wp-content\/uploads\/2025\/01\/Website-Cover-BK-A-1.jpg?resize=525%2C300&ssl=1 1.5x, https:\/\/i0.wp.com\/www.bkadventure.com\/wp-content\/uploads\/2025\/01\/Website-Cover-BK-A-1.jpg?resize=700%2C400&ssl=1 2x, https:\/\/i0.wp.com\/www.bkadventure.com\/wp-content\/uploads\/2025\/01\/Website-Cover-BK-A-1.jpg?resize=1050%2C600&ssl=1 3x, https:\/\/i0.wp.com\/www.bkadventure.com\/wp-content\/uploads\/2025\/01\/Website-Cover-BK-A-1.jpg?resize=1400%2C800&ssl=1 4x"},"classes":[]},{"id":4351,"url":"https:\/\/www.bkadventure.com\/es\/kayak-en-orlando\/","url_meta":{"origin":4360,"position":1},"title":"Kayak en Orlando","author":"BK Adventure","date":"octubre 19, 2015","format":false,"excerpt":"Kayak en Orlando Kayak con BK Adventure Sunset Kayaking with Bioluminescence Sunset Kayaking with the Manatees. On this AMAZING tour, we visit Manatee Central, where you see manatees in their natural habitat. As the sun goes down, the dolphins like to play. In summer you will see bioluminescent sea life\u2026","rel":"","context":"Entrada similar","block_context":{"text":"Entrada similar","link":""},"img":{"alt_text":"","src":"https:\/\/i0.wp.com\/www.bkadventure.com\/wp-content\/uploads\/2016\/02\/12821382_1577990445857780_2048189791737970733_n.jpg?resize=350%2C200&ssl=1","width":350,"height":200,"srcset":"https:\/\/i0.wp.com\/www.bkadventure.com\/wp-content\/uploads\/2016\/02\/12821382_1577990445857780_2048189791737970733_n.jpg?resize=350%2C200&ssl=1 1x, https:\/\/i0.wp.com\/www.bkadventure.com\/wp-content\/uploads\/2016\/02\/12821382_1577990445857780_2048189791737970733_n.jpg?resize=525%2C300&ssl=1 1.5x, https:\/\/i0.wp.com\/www.bkadventure.com\/wp-content\/uploads\/2016\/02\/12821382_1577990445857780_2048189791737970733_n.jpg?resize=700%2C400&ssl=1 2x"},"classes":[]},{"id":8870,"url":"https:\/\/www.bkadventure.com\/es\/things-to-do-in-orlando-and-central-florida\/","url_meta":{"origin":4360,"position":2},"title":"Things to do in Orlando and Central Florida","author":"Syahir Hakim","date":"febrero 10, 2016","format":false,"excerpt":"Cosas que hacer en Orlando y Florida Central Filter St. Augustine Nights of Lights Grinch Tour Experience St. Augustine\u2019s Famous Nights of Lights with a Green Twist! Get ready for a hilariously unforgettable holiday adventure on our Grinch Who Stole Pinkmas Golf Cart Tour \u2014 a one-of-a-kind ride through historic\u2026","rel":"","context":"Entrada similar","block_context":{"text":"Entrada similar","link":""},"img":{"alt_text":"Nights of Lights St. Augustine Tour - The Grinch Who Stole Pinkmas. Pink Culture Tours in St. Augustine, Florida.","src":"https:\/\/i0.wp.com\/www.bkadventure.com\/wp-content\/uploads\/2025\/07\/Grinch-Pinkmas-683x1024.jpg?resize=350%2C200&ssl=1","width":350,"height":200,"srcset":"https:\/\/i0.wp.com\/www.bkadventure.com\/wp-content\/uploads\/2025\/07\/Grinch-Pinkmas-683x1024.jpg?resize=350%2C200&ssl=1 1x, https:\/\/i0.wp.com\/www.bkadventure.com\/wp-content\/uploads\/2025\/07\/Grinch-Pinkmas-683x1024.jpg?resize=525%2C300&ssl=1 1.5x"},"classes":[]},{"id":4332,"url":"https:\/\/www.bkadventure.com\/es\/florida-bioluminiscencia-en-kayaks\/","url_meta":{"origin":4360,"position":3},"title":"Bioluminiscencia en kayaks y rafts","author":"BK Adventure","date":"octubre 8, 2016","format":false,"excerpt":"Bioluminescent kayaking tour in Florida. Departs every night near Space Coast and Orlando.","rel":"","context":"Entrada similar","block_context":{"text":"Entrada similar","link":""},"img":{"alt_text":"Smiling kayakers paddle under a starry night sky, surrounded by glowing blue bioluminescent waters.","src":"https:\/\/i0.wp.com\/www.bkadventure.com\/wp-content\/uploads\/2018\/04\/Bioluminescence-Haulover-Canal-Photo-600x400-web.jpg?resize=350%2C200&ssl=1","width":350,"height":200,"srcset":"https:\/\/i0.wp.com\/www.bkadventure.com\/wp-content\/uploads\/2018\/04\/Bioluminescence-Haulover-Canal-Photo-600x400-web.jpg?resize=350%2C200&ssl=1 1x, https:\/\/i0.wp.com\/www.bkadventure.com\/wp-content\/uploads\/2018\/04\/Bioluminescence-Haulover-Canal-Photo-600x400-web.jpg?resize=525%2C300&ssl=1 1.5x"},"classes":[]},{"id":8647,"url":"https:\/\/www.bkadventure.com\/es\/aqui-esta-el-regalo-perfecto-para-el-aventurero-de-florida-en-tu-vida\/","url_meta":{"origin":4360,"position":4},"title":"\u00a1Aqu\u00ed est\u00e1 el regalo perfecto para el aventurero de Florida en tu vida!","author":"BK Adventure","date":"abril 21, 2022","format":false,"excerpt":"\u00a1Aqu\u00ed est\u00e1 el regalo perfecto para el aventurero de Florida en tu vida! \u00bfConoces a alguien que ama la naturaleza? \u00bfAma el kayak, el senderismo o el ciclismo? Entonces, un certificado de regalo de BK Adventure es perfecto para ese aventurero. Comprar tarjeta de regalo \u00bfNecesita un regalo \u00fanico? \u00a1D\u00e9\u2026","rel":"","context":"Entrada similar","block_context":{"text":"Entrada similar","link":""},"img":{"alt_text":"","src":"https:\/\/i0.wp.com\/www.bkadventure.com\/wp-content\/uploads\/2022\/04\/gift-card.png?resize=350%2C200&ssl=1","width":350,"height":200,"srcset":"https:\/\/i0.wp.com\/www.bkadventure.com\/wp-content\/uploads\/2022\/04\/gift-card.png?resize=350%2C200&ssl=1 1x, https:\/\/i0.wp.com\/www.bkadventure.com\/wp-content\/uploads\/2022\/04\/gift-card.png?resize=525%2C300&ssl=1 1.5x, https:\/\/i0.wp.com\/www.bkadventure.com\/wp-content\/uploads\/2022\/04\/gift-card.png?resize=700%2C400&ssl=1 2x"},"classes":[]}],"jetpack_sharing_enabled":true,"amp_enabled":true,"_links":{"self":[{"href":"https:\/\/www.bkadventure.com\/es\/wp-json\/wp\/v2\/pages\/4360","targetHints":{"allow":["GET"]}}],"collection":[{"href":"https:\/\/www.bkadventure.com\/es\/wp-json\/wp\/v2\/pages"}],"about":[{"href":"https:\/\/www.bkadventure.com\/es\/wp-json\/wp\/v2\/types\/page"}],"author":[{"embeddable":true,"href":"https:\/\/www.bkadventure.com\/es\/wp-json\/wp\/v2\/users\/1"}],"replies":[{"embeddable":true,"href":"https:\/\/www.bkadventure.com\/es\/wp-json\/wp\/v2\/comments?post=4360"}],"version-history":[{"count":1,"href":"https:\/\/www.bkadventure.com\/es\/wp-json\/wp\/v2\/pages\/4360\/revisions"}],"predecessor-version":[{"id":4361,"href":"https:\/\/www.bkadventure.com\/es\/wp-json\/wp\/v2\/pages\/4360\/revisions\/4361"}],"wp:featuredmedia":[{"embeddable":true,"href":"https:\/\/www.bkadventure.com\/es\/wp-json\/wp\/v2\/media\/3976"}],"wp:attachment":[{"href":"https:\/\/www.bkadventure.com\/es\/wp-json\/wp\/v2\/media?parent=4360"}],"curies":[{"name":"wp","href":"https:\/\/api.w.org\/{rel}","templated":true}]}}