{"id":4351,"date":"2015-10-19T17:07:41","date_gmt":"2015-10-19T17:07:41","guid":{"rendered":"https:\/\/www.bkadventure.com\/?page_id=4351"},"modified":"2025-08-11T15:58:50","modified_gmt":"2025-08-11T15:58:50","slug":"kayak-en-orlando","status":"publish","type":"page","link":"https:\/\/www.bkadventure.com\/es\/kayak-en-orlando\/","title":{"rendered":"Kayak en Orlando"},"content":{"rendered":"\t\t<div data-elementor-type=\"wp-page\" data-elementor-id=\"4351\" class=\"elementor elementor-4351 elementor-23\">\n\t\t\t\t\t\t<section class=\"elementor-section elementor-top-section elementor-element elementor-element-face316 elementor-section-boxed elementor-section-height-default elementor-section-height-default\" data-id=\"face316\" data-element_type=\"section\" data-e-type=\"section\">\n\t\t\t\t\t\t<div class=\"elementor-container elementor-column-gap-default\">\n\t\t\t\t\t<div class=\"elementor-column elementor-col-100 elementor-top-column elementor-element elementor-element-e63f37a\" data-id=\"e63f37a\" data-element_type=\"column\" data-e-type=\"column\">\n\t\t\t<div class=\"elementor-widget-wrap elementor-element-populated\">\n\t\t\t\t\t\t<div class=\"elementor-element elementor-element-42b192b elementor-widget elementor-widget-bk_page_heading\" data-id=\"42b192b\" data-element_type=\"widget\" data-e-type=\"widget\" data-widget_type=\"bk_page_heading.default\">\n\t\t\t\t<div class=\"elementor-widget-container\">\n\t\t\t\t\t\t\t\t<div class=\"page-header my-5 pb-3\">\n\t\t\t\t<div class=\"container text-center\">\n\t\t\t\t\t<h1>Kayak en Orlando<\/h1>\n\t\t\t\t\t\t\t\t\t<\/div>\n\t\t\t<\/div>\n\t\t\t\t\t\t<\/div>\n\t\t\t\t<\/div>\n\t\t\t\t\t<\/div>\n\t\t<\/div>\n\t\t\t\t\t<\/div>\n\t\t<\/section>\n\t\t\t\t<section class=\"elementor-section elementor-top-section elementor-element elementor-element-5b4bc68 elementor-section-boxed elementor-section-height-default elementor-section-height-default\" data-id=\"5b4bc68\" data-element_type=\"section\" data-e-type=\"section\">\n\t\t\t\t\t\t<div class=\"elementor-container elementor-column-gap-default\">\n\t\t\t\t\t<div class=\"elementor-column elementor-col-100 elementor-top-column elementor-element elementor-element-a7d42d4\" data-id=\"a7d42d4\" data-element_type=\"column\" data-e-type=\"column\">\n\t\t\t<div class=\"elementor-widget-wrap elementor-element-populated\">\n\t\t\t\t\t\t<div class=\"elementor-element elementor-element-e3d9c83 elementor-widget elementor-widget-bk_packages\" data-id=\"e3d9c83\" data-element_type=\"widget\" data-e-type=\"widget\" data-widget_type=\"bk_packages.default\">\n\t\t\t\t<div class=\"elementor-widget-container\">\n\t\t\t\t\t\t\t\t<div id=\"packages-e3d9c83\">\n\n\t\t\t\t \n\t\t\t\t\t<div class=\"container text-center mb-5\">\n\t\t\t\t\t\t<h2>Kayak con BK Adventure<\/h2>\n\n\t\t\t\t\t\t\t\t\t\t\t<\/div>\n\t\t\t\t\n\t\t\t\t<div class=\"packages container\">\n\t\t\t\t\t<div class=\"row align-items-stretch justify-content-center\">\n\t\t\t\t\t\t\t<div class=\"col-12 col-sm-6 col-lg-4 d-flex align-items-stretch\">\n\t\t<div class=\"package package-4320 d-flex flex-column\">\n\t\t\t<div class=\"image\">\n\t\t\t\t<img fetchpriority=\"high\" decoding=\"async\" width=\"932\" height=\"900\" src=\"https:\/\/www.bkadventure.com\/wp-content\/uploads\/2016\/06\/Sunset-Tour-New.jpg\" class=\"attachment-large size-large wp-post-image\" alt=\": Two Influencers paddling at sunset on the Indian River Lagoon. POV is the front of the guide\u2019s kayak showing the influencer taking a photo with a Go Pro camera on a stick.\" srcset=\"https:\/\/www.bkadventure.com\/wp-content\/uploads\/2016\/06\/Sunset-Tour-New.jpg 932w, https:\/\/www.bkadventure.com\/wp-content\/uploads\/2016\/06\/Sunset-Tour-New-600x579.jpg 600w, https:\/\/www.bkadventure.com\/wp-content\/uploads\/2016\/06\/Sunset-Tour-New-300x290.jpg 300w, https:\/\/www.bkadventure.com\/wp-content\/uploads\/2016\/06\/Sunset-Tour-New-768x742.jpg 768w, https:\/\/www.bkadventure.com\/wp-content\/uploads\/2016\/06\/Sunset-Tour-New-800x773.jpg 800w\" sizes=\"(max-width: 932px) 100vw, 932px\" data-wp-pid=\"4199\" \/>\t\t\t<\/div>\n\t\t\t<div class=\"content flex-grow-1\">\n\t\t\t\t<h2>Atardecer en kayaks con bioluminiscencia<\/h2>\n\t\t\t\t<p>\u00a1En este incre\u00edble recorrido, visitamos manat\u00edes en su h\u00e1bitat natural! A medida que se pone el sol, a los delfines les gusta jugar alrededor de los kayaks. En verano ver\u00e1s la vida marina bioluminiscente iluminando el agua con cada toque de tu remo. \u00a1Esta aventura es una cita s\u00faper divertida y rom\u00e1ntica!<\/p>\n\t\t\t<\/div>\n\t\t\t<div class=\"meta d-flex justify-content-between\">\n\t\t\t\t<span class=\"price\"><span class=\"visuallyhidden pfclr\">Price <\/span>$75<\/span>\n\t\t\t\t<span class=\"duration\"><span class=\"visuallyhidden pfclr\">for <\/span>Aprox. 3 horas<\/span>\n\t\t\t\t\n\t\t\t<\/div>\n\t\t\t<a class=\"permalink\" href=\"https:\/\/www.bkadventure.com\/es\/package\/atardecer-en-kayaks-con-bioluminiscencia\/\" aria-label=\"Read More About Atardecer en kayaks con bioluminiscencia\"><\/a>\n\t\t<\/div>\n\t<\/div>\n\t\t<div class=\"col-12 col-sm-6 col-lg-4 d-flex align-items-stretch\">\n\t\t<div class=\"package package-4324 d-flex flex-column\">\n\t\t\t<div class=\"image\">\n\t\t\t\t<img decoding=\"async\" width=\"1024\" height=\"681\" src=\"https:\/\/www.bkadventure.com\/wp-content\/uploads\/2015\/11\/manatees-1024x681.jpg\" class=\"attachment-large size-large wp-post-image\" alt=\"\" srcset=\"https:\/\/www.bkadventure.com\/wp-content\/uploads\/2015\/11\/manatees-1024x681.jpg 1024w, https:\/\/www.bkadventure.com\/wp-content\/uploads\/2015\/11\/manatees-300x199.jpg 300w, https:\/\/www.bkadventure.com\/wp-content\/uploads\/2015\/11\/manatees-e1446922358142.jpg 400w\" sizes=\"(max-width: 1024px) 100vw, 1024px\" data-wp-pid=\"3934\" \/>\t\t\t<\/div>\n\t\t\t<div class=\"content flex-grow-1\">\n\t\t\t\t<h2>Encuentro en kayak con delfines y manat\u00edes<\/h2>\n\t\t\t\t<p> \u00a1Esta es una de las experiencias m\u00e1s incre\u00edbles de eco-turismo que experimentar\u00e1 en su vida! Y lo tenemos aqu\u00ed mismo en el \u00e1rea de Orlando. A los manat\u00edes en las c\u00e1lidas aguas del Indian River les encanta descansar e interactuar con nuestros kayaks.<\/p>\n\t\t\t<\/div>\n\t\t\t<div class=\"meta d-flex justify-content-between\">\n\t\t\t\t<span class=\"price\"><span class=\"visuallyhidden pfclr\">Price <\/span>$48<\/span>\n\t\t\t\t<span class=\"duration\"><span class=\"visuallyhidden pfclr\">for <\/span>Aprox. 1.5 hora<\/span>\n\t\t\t\t\n\t\t\t<\/div>\n\t\t\t<a class=\"permalink\" href=\"https:\/\/www.bkadventure.com\/es\/package\/encuentro-en-kayak-con-delfines-y-manaties\/\" aria-label=\"Read More About Encuentro en kayak con delfines y manat\u00edes\"><\/a>\n\t\t<\/div>\n\t<\/div>\n\t\t\t\t\t\t<\/div>\n\n\t\t\t\t\t\t\t\t\t<\/div>\n\n\t\t\t\t\t\t\t<\/div>\n\t\t\t\t\t\t<\/div>\n\t\t\t\t<\/div>\n\t\t\t\t\t<\/div>\n\t\t<\/div>\n\t\t\t\t\t<\/div>\n\t\t<\/section>\n\t\t\t\t<section class=\"elementor-section elementor-top-section elementor-element elementor-element-542aaffd elementor-section-boxed elementor-section-height-default elementor-section-height-default\" data-id=\"542aaffd\" data-element_type=\"section\" data-e-type=\"section\">\n\t\t\t\t\t\t<div class=\"elementor-container elementor-column-gap-default\">\n\t\t\t\t\t<div class=\"elementor-column elementor-col-100 elementor-top-column elementor-element elementor-element-64f9a7e\" data-id=\"64f9a7e\" data-element_type=\"column\" data-e-type=\"column\">\n\t\t\t<div class=\"elementor-widget-wrap elementor-element-populated\">\n\t\t\t\t\t\t<div class=\"elementor-element elementor-element-5224bdd6 elementor-widget elementor-widget-text-editor\" data-id=\"5224bdd6\" data-element_type=\"widget\" data-e-type=\"widget\" data-widget_type=\"text-editor.default\">\n\t\t\t\t\t\t\t\t\t<h3><strong>Kayak Orlando, Cocoa Beach y Merritt Island Wildlife<br \/>Refuge con nosotros!<\/strong><\/h3><p>El kayak se est\u00e1 convirtiendo en un pasatiempo popular<br \/>para las personas que quieren hacer algo m\u00e1s que parques tem\u00e1ticos en Orlando.<br \/>Con decenas de r\u00edos y arroyos en el \u00e1rea de la Florida Central, hay muchos<br \/>lugares para practicar kayak en Orlando (o en las cercan\u00edas) y los canales son<br \/>una excelente manera de ver su belleza natural.<\/p><h3><strong>\u00bfPor qu\u00e9 elegir BK Adventure?<\/strong><\/h3><p>\u00bfHas escuchado nuestra historia? El propietario de BK Adventure, Ram, es un instructor de kayak de aguas bravas de Nepal de su propia compa\u00f1\u00eda, <span style=\"color: #c74c1f;\"><a style=\"color: #c74c1f;\" href=\"https:\/\/hardcorenepal.com\/\">Hardcore Nepal<\/a><\/span> (que todav\u00eda le pertenece). \u00c9l ha ense\u00f1ado a muchos turistas c\u00f3mo atravesar los r\u00e1pidos del r\u00edo Himalaya para su deleite.<\/p><p>Pero ahora, Ram llama hogar a Orlando, Florida. El r\u00edo corre por sus venas y el kayak es su pasi\u00f3n. Deja que Ram y sus gu\u00edas te muestren las maravillas de las v\u00edas fluviales de Florida en sus eco aventuras especializadas.<\/p><h3><strong>Tours populares por la Florida Central<\/strong><\/h3><p>Si vienes a <strong>Puerto Ca\u00f1averal<\/strong> en un crucero, pasas el d\u00eda en Cocoa Beach o te alejas de Orlando por el d\u00eda, reserva para nuestro Encuentro en <a href=\"https:\/\/www.bkadventure.com\/package\/indian-river-manatees-kayaking-tour\/\"><span style=\"color: #c74c1f;\">kayaks con manat\u00edes y delfines<\/span><\/a> cerca de <strong>Titusville.<\/strong> No sabemos por qu\u00e9, \u00a1pero los manat\u00edes aman a nuestros gu\u00edas! Este tour es uno de los m\u00e1s populares; A menudo, estas vacas marinas amigables y curiosas vienen hasta nuestros kayaks para jugar. \u00a1Es una experiencia imprescindible para tus vacaciones en Florida!<\/p>\t\t\t\t\t\t\t\t<\/div>\n\t\t\t\t\t<\/div>\n\t\t<\/div>\n\t\t\t\t\t<\/div>\n\t\t<\/section>\n\t\t\t\t<\/div>\n\t\t","protected":false},"excerpt":{"rendered":"<p>Kayak en Orlando Kayak con BK Adventure Sunset Kayaking with Bioluminescence Sunset Kayaking with the Manatees. On this AMAZING tour, we visit Manatee Central, where you see manatees in their natural habitat. As the sun goes down, the dolphins like to play. In summer you will see bioluminescent sea life glowing after dark. Makes a &hellip; <\/p>\n<p class=\"mt-4\"><a class=\"read-more btn btn-lg btn-primary\" href=\"https:\/\/www.bkadventure.com\/es\/kayak-en-orlando\/\" aria-label=\"Leer m\u00e1s about Kayak en Orlando\">Leer m\u00e1s<\/a><\/p>\n","protected":false},"author":1,"featured_media":3961,"parent":0,"menu_order":0,"comment_status":"closed","ping_status":"closed","template":"","meta":{"_acf_changed":false,"footnotes":""},"class_list":["post-4351","page","type-page","status-publish","has-post-thumbnail","hentry"],"acf":[],"yoast_head":"<!-- This site is optimized with the Yoast SEO plugin v27.5 - https:\/\/yoast.com\/product\/yoast-seo-wordpress\/ -->\n<title>Kayak en Orlando<\/title>\n<meta name=\"robots\" content=\"index, follow, max-snippet:-1, max-image-preview:large, max-video-preview:-1\" \/>\n<link rel=\"canonical\" href=\"https:\/\/www.bkadventure.com\/es\/kayak-en-orlando\/\" \/>\n<script type=\"application\/ld+json\" class=\"yoast-schema-graph\">{\"@context\":\"https:\\\/\\\/schema.org\",\"@graph\":[{\"@type\":\"BreadcrumbList\",\"@id\":\"https:\\\/\\\/www.bkadventure.com\\\/es\\\/kayak-en-orlando\\\/#breadcrumb\",\"itemListElement\":[{\"@type\":\"ListItem\",\"position\":1,\"name\":\"Home\",\"item\":\"https:\\\/\\\/www.bkadventure.com\\\/es\\\/\"},{\"@type\":\"ListItem\",\"position\":2,\"name\":\"Kayak en Orlando\"}]}]}<\/script>\n<!-- \/ Yoast SEO plugin. -->","yoast_head_json":{"title":"Kayak en Orlando","robots":{"index":"index","follow":"follow","max-snippet":"max-snippet:-1","max-image-preview":"max-image-preview:large","max-video-preview":"max-video-preview:-1"},"canonical":"https:\/\/www.bkadventure.com\/es\/kayak-en-orlando\/","schema":{"@context":"https:\/\/schema.org","@graph":[{"@type":"BreadcrumbList","@id":"https:\/\/www.bkadventure.com\/es\/kayak-en-orlando\/#breadcrumb","itemListElement":[{"@type":"ListItem","position":1,"name":"Home","item":"https:\/\/www.bkadventure.com\/es\/"},{"@type":"ListItem","position":2,"name":"Kayak en Orlando"}]}]}},"jetpack_shortlink":"https:\/\/wp.me\/P70QlW-18b","jetpack-related-posts":[{"id":636,"url":"https:\/\/www.bkadventure.com\/kayaking-manatees-cape-canaveral\/","url_meta":{"origin":4351,"position":0},"title":"Kayaking with Manatees and Dolphins","author":"BK Adventure","date":"septiembre 25, 2025","format":false,"excerpt":"Sunset Manatee Excursion \u2013 Cape Canaveral\/Cocoa Beach Sunset Manatee Excursion Cape Canaveral Looking for something to do near Port Canaveral and Cocoa Beach? Our Sunset Manatee Tour is for you!\u00a0 These are the most manatees you will see all in one place on the Space Coast!\u00a0 The cool weather brings\u2026","rel":"","context":"Entrada similar","block_context":{"text":"Entrada similar","link":""},"img":{"alt_text":"manatee surfacing water at bk adventure tour near cape canaveral","src":"https:\/\/i0.wp.com\/www.bkadventure.com\/wp-content\/uploads\/2024\/01\/Kayaking_with_Manatees_by_BK_Adventure.jpg?resize=350%2C200&ssl=1","width":350,"height":200,"srcset":"https:\/\/i0.wp.com\/www.bkadventure.com\/wp-content\/uploads\/2024\/01\/Kayaking_with_Manatees_by_BK_Adventure.jpg?resize=350%2C200&ssl=1 1x, https:\/\/i0.wp.com\/www.bkadventure.com\/wp-content\/uploads\/2024\/01\/Kayaking_with_Manatees_by_BK_Adventure.jpg?resize=525%2C300&ssl=1 1.5x, https:\/\/i0.wp.com\/www.bkadventure.com\/wp-content\/uploads\/2024\/01\/Kayaking_with_Manatees_by_BK_Adventure.jpg?resize=700%2C400&ssl=1 2x, https:\/\/i0.wp.com\/www.bkadventure.com\/wp-content\/uploads\/2024\/01\/Kayaking_with_Manatees_by_BK_Adventure.jpg?resize=1050%2C600&ssl=1 3x"},"classes":[]},{"id":9234,"url":"https:\/\/www.bkadventure.com\/original-bioluminescent-kayaking-tours\/","url_meta":{"origin":4351,"position":1},"title":"Original Bioluminescent Kayaking Tours","author":"BK Adventure","date":"junio 23, 2022","format":false,"excerpt":"Bioluminescent Kayaking Tours - Tandem Florida Bioluminescence Kayaking Tour Join our Bioluminescent Kayaking Tours just 1 hour from Orlando. Departs nightly throughout the year. See the amazing glowing waters of Florida's own \"Bioluminescent Bay\" on the Indian River Lagoon. New Moon Tours Sell Out, So Book Early - This is\u2026","rel":"","context":"Entrada similar","block_context":{"text":"Entrada similar","link":""},"img":{"alt_text":"Florida Bioluminescent Kayaking Tours near Orlando, Cocoa Beach Photo","src":"https:\/\/i0.wp.com\/www.bkadventure.com\/wp-content\/uploads\/2016\/06\/Bioluminescence-Haulover-Canal-Photo-02-Ad-Use-close-1600x983-1024x630.jpg?resize=350%2C200&ssl=1","width":350,"height":200,"srcset":"https:\/\/i0.wp.com\/www.bkadventure.com\/wp-content\/uploads\/2016\/06\/Bioluminescence-Haulover-Canal-Photo-02-Ad-Use-close-1600x983-1024x630.jpg?resize=350%2C200&ssl=1 1x, https:\/\/i0.wp.com\/www.bkadventure.com\/wp-content\/uploads\/2016\/06\/Bioluminescence-Haulover-Canal-Photo-02-Ad-Use-close-1600x983-1024x630.jpg?resize=525%2C300&ssl=1 1.5x, https:\/\/i0.wp.com\/www.bkadventure.com\/wp-content\/uploads\/2016\/06\/Bioluminescence-Haulover-Canal-Photo-02-Ad-Use-close-1600x983-1024x630.jpg?resize=700%2C400&ssl=1 2x"},"classes":[]},{"id":10175,"url":"https:\/\/www.bkadventure.com\/bioluminescence-tours-available\/","url_meta":{"origin":4351,"position":2},"title":"Bioluminescence Tours Available","author":"BK Adventure","date":"julio 14, 2023","format":false,"excerpt":"These tours are still available to book this weekend... Others are sold out. Check Out Midnight Madness Clear Kayaking! Bioluminescence Tour near Cocoa Beach 9pm launch time! This NEW MOON Bioluminescence tour is located at Kelly Park East near Cocoa Beach and Port Canaveral. This weekend tour is considered our\u2026","rel":"","context":"Entrada similar","block_context":{"text":"Entrada similar","link":""},"img":{"alt_text":"Image of Florida Bioluminescence bright blue low with paddle stroke and words Florida Bioluminescence on photo","src":"https:\/\/i0.wp.com\/www.bkadventure.com\/wp-content\/uploads\/2023\/07\/Bio-New-Moon-Sep.jpg?resize=350%2C200&ssl=1","width":350,"height":200,"srcset":"https:\/\/i0.wp.com\/www.bkadventure.com\/wp-content\/uploads\/2023\/07\/Bio-New-Moon-Sep.jpg?resize=350%2C200&ssl=1 1x, https:\/\/i0.wp.com\/www.bkadventure.com\/wp-content\/uploads\/2023\/07\/Bio-New-Moon-Sep.jpg?resize=525%2C300&ssl=1 1.5x, https:\/\/i0.wp.com\/www.bkadventure.com\/wp-content\/uploads\/2023\/07\/Bio-New-Moon-Sep.jpg?resize=700%2C400&ssl=1 2x"},"classes":[]},{"id":276,"url":"https:\/\/www.bkadventure.com\/what-to-do-florida\/","url_meta":{"origin":4351,"position":3},"title":"Things to do in Orlando and Central Florida","author":"BK Adventure","date":"febrero 10, 2016","format":false,"excerpt":"Things to do in Orlando and Central Florida Filter Sunset in Clear Kayaks \u2013 Cocoa Beach Join your expert eco-tour guide for a sunset adventure to remember! There are many special creatures that call this part of the river home.\u00a0 From the bottom of your see-through clear kayak, look for\u2026","rel":"","context":"Entrada similar","block_context":{"text":"Entrada similar","link":""},"img":{"alt_text":"Silhouetted kayakers paddle at night, leaving faint trails of glowing blue bioluminescence in the water.","src":"https:\/\/i0.wp.com\/www.bkadventure.com\/wp-content\/uploads\/2016\/06\/Bioluminescent-kayaking-sunset.jpg?resize=350%2C200&ssl=1","width":350,"height":200,"srcset":"https:\/\/i0.wp.com\/www.bkadventure.com\/wp-content\/uploads\/2016\/06\/Bioluminescent-kayaking-sunset.jpg?resize=350%2C200&ssl=1 1x, https:\/\/i0.wp.com\/www.bkadventure.com\/wp-content\/uploads\/2016\/06\/Bioluminescent-kayaking-sunset.jpg?resize=525%2C300&ssl=1 1.5x"},"classes":[]},{"id":237,"url":"https:\/\/www.bkadventure.com\/looking-things-florida-bioluminescent-tours-manatee-kayaking-trips-orlando-cocoa-beach-area\/","url_meta":{"origin":4351,"position":4},"title":"Florida Bioluminescence Tours near Orlando &#8211; BK Adventure","author":"BK Adventure","date":"febrero 1, 2016","format":false,"excerpt":"Book A Tour Voted #1 Florida Bioluminescence tour company! One of the most \"Unique Things To Do in Florida\" - Bioluminescence Tours near Orlando Florida! Give us a call for last minute booking.\u00a0Summer Bioluminescence tours are filling up!\u00a0Looking for the best times to book bioluminescent kayaking or rafting?\u00a0 Click the\u2026","rel":"","context":"Entrada similar","block_context":{"text":"Entrada similar","link":""},"img":{"alt_text":"Two people in Florida doing Bioluminescence kayaking.","src":"https:\/\/i0.wp.com\/www.bkadventure.com\/wp-content\/uploads\/2025\/01\/Website-Cover-BK-A-1.jpg?resize=350%2C200&ssl=1","width":350,"height":200,"srcset":"https:\/\/i0.wp.com\/www.bkadventure.com\/wp-content\/uploads\/2025\/01\/Website-Cover-BK-A-1.jpg?resize=350%2C200&ssl=1 1x, https:\/\/i0.wp.com\/www.bkadventure.com\/wp-content\/uploads\/2025\/01\/Website-Cover-BK-A-1.jpg?resize=525%2C300&ssl=1 1.5x, https:\/\/i0.wp.com\/www.bkadventure.com\/wp-content\/uploads\/2025\/01\/Website-Cover-BK-A-1.jpg?resize=700%2C400&ssl=1 2x, https:\/\/i0.wp.com\/www.bkadventure.com\/wp-content\/uploads\/2025\/01\/Website-Cover-BK-A-1.jpg?resize=1050%2C600&ssl=1 3x, https:\/\/i0.wp.com\/www.bkadventure.com\/wp-content\/uploads\/2025\/01\/Website-Cover-BK-A-1.jpg?resize=1400%2C800&ssl=1 4x"},"classes":[]},{"id":1504,"url":"https:\/\/www.bkadventure.com\/group-tours\/","url_meta":{"origin":4351,"position":5},"title":"Group Tours","author":"BK Adventure","date":"agosto 14, 2017","format":false,"excerpt":"Group Tours and Discounts for Bioluminescence and Manatee Kayaking Tours Looking for something special to do with your church group, school group or club? We have some great ideas for you to great a group experience they will never forget! Bioluminescence Kayaking GroupsWe do bioluminescent kayaking tour most of the\u2026","rel":"","context":"Entrada similar","block_context":{"text":"Entrada similar","link":""},"img":{"alt_text":"","src":"https:\/\/i0.wp.com\/www.bkadventure.com\/wp-content\/uploads\/2017\/08\/Bioluminescence-Group_kayak.jpg?resize=350%2C200&ssl=1","width":350,"height":200},"classes":[]}],"jetpack_sharing_enabled":true,"amp_enabled":true,"_links":{"self":[{"href":"https:\/\/www.bkadventure.com\/es\/wp-json\/wp\/v2\/pages\/4351","targetHints":{"allow":["GET"]}}],"collection":[{"href":"https:\/\/www.bkadventure.com\/es\/wp-json\/wp\/v2\/pages"}],"about":[{"href":"https:\/\/www.bkadventure.com\/es\/wp-json\/wp\/v2\/types\/page"}],"author":[{"embeddable":true,"href":"https:\/\/www.bkadventure.com\/es\/wp-json\/wp\/v2\/users\/1"}],"replies":[{"embeddable":true,"href":"https:\/\/www.bkadventure.com\/es\/wp-json\/wp\/v2\/comments?post=4351"}],"version-history":[{"count":8,"href":"https:\/\/www.bkadventure.com\/es\/wp-json\/wp\/v2\/pages\/4351\/revisions"}],"predecessor-version":[{"id":13235,"href":"https:\/\/www.bkadventure.com\/es\/wp-json\/wp\/v2\/pages\/4351\/revisions\/13235"}],"wp:featuredmedia":[{"embeddable":true,"href":"https:\/\/www.bkadventure.com\/es\/wp-json\/wp\/v2\/media\/3961"}],"wp:attachment":[{"href":"https:\/\/www.bkadventure.com\/es\/wp-json\/wp\/v2\/media?parent=4351"}],"curies":[{"name":"wp","href":"https:\/\/api.w.org\/{rel}","templated":true}]}}