{"id":4287,"date":"2018-01-08T18:19:47","date_gmt":"2018-01-08T18:19:47","guid":{"rendered":"https:\/\/www.bkadventure.com\/?page_id=4287"},"modified":"2025-08-11T16:07:31","modified_gmt":"2025-08-11T16:07:31","slug":"ofertas-de-trabajo-en-bk-adventure","status":"publish","type":"page","link":"https:\/\/www.bkadventure.com\/es\/ofertas-de-trabajo-en-bk-adventure\/","title":{"rendered":"Ofertas de trabajo en BK Adventure"},"content":{"rendered":"\t\t<div data-elementor-type=\"wp-page\" data-elementor-id=\"4287\" class=\"elementor elementor-4287 elementor-1766\">\n\t\t\t\t\t\t<section class=\"elementor-section elementor-top-section elementor-element elementor-element-ef06141 elementor-section-boxed elementor-section-height-default elementor-section-height-default\" data-id=\"ef06141\" data-element_type=\"section\" data-e-type=\"section\">\n\t\t\t\t\t\t<div class=\"elementor-container elementor-column-gap-default\">\n\t\t\t\t\t<div class=\"elementor-column elementor-col-100 elementor-top-column elementor-element elementor-element-d2f0f6b\" data-id=\"d2f0f6b\" data-element_type=\"column\" data-e-type=\"column\">\n\t\t\t<div class=\"elementor-widget-wrap elementor-element-populated\">\n\t\t\t\t\t\t<div class=\"elementor-element elementor-element-638cf2d elementor-widget elementor-widget-bk_page_heading\" data-id=\"638cf2d\" data-element_type=\"widget\" data-e-type=\"widget\" data-widget_type=\"bk_page_heading.default\">\n\t\t\t\t<div class=\"elementor-widget-container\">\n\t\t\t\t\t\t\t\t<div class=\"page-header my-5 pb-3\">\n\t\t\t\t<div class=\"container text-center\">\n\t\t\t\t\t<h1>Ofertas de trabajo en BK Adventure<\/h1>\n\t\t\t\t\t\t\t\t\t<\/div>\n\t\t\t<\/div>\n\t\t\t\t\t\t<\/div>\n\t\t\t\t<\/div>\n\t\t\t\t\t<\/div>\n\t\t<\/div>\n\t\t\t\t\t<\/div>\n\t\t<\/section>\n\t\t\t\t<section class=\"elementor-section elementor-top-section elementor-element elementor-element-84af196 elementor-section-boxed elementor-section-height-default elementor-section-height-default\" data-id=\"84af196\" data-element_type=\"section\" data-e-type=\"section\">\n\t\t\t\t\t\t<div class=\"elementor-container elementor-column-gap-default\">\n\t\t\t\t\t<div class=\"elementor-column elementor-col-100 elementor-top-column elementor-element elementor-element-90c1a48\" data-id=\"90c1a48\" data-element_type=\"column\" data-e-type=\"column\">\n\t\t\t<div class=\"elementor-widget-wrap elementor-element-populated\">\n\t\t\t\t\t\t<div class=\"elementor-element elementor-element-d26dc98 elementor-widget elementor-widget-text-editor\" data-id=\"d26dc98\" data-element_type=\"widget\" data-e-type=\"widget\" data-widget_type=\"text-editor.default\">\n\t\t\t\t\t\t\t\t\t<h2>\u00bfEres aventurero y te gustar\u00eda trabajar con<br \/>nosotros?<\/h2>\n<p>\u00a1Estamos contratando!\u00a0\u00bfTe gusta el aire libre, la aventura, el kayak, el ciclismo y<br \/>contarle a la gente todo sobre la naturaleza? Entonces queremos saber de ti.\u00a0Tenemos puestos abiertos en los siguientes departamentos:<\/p>\t\t\t\t\t\t\t\t<\/div>\n\t\t\t\t\t<\/div>\n\t\t<\/div>\n\t\t\t\t\t<\/div>\n\t\t<\/section>\n\t\t\t\t<section class=\"elementor-section elementor-top-section elementor-element elementor-element-42afe14 elementor-section-boxed elementor-section-height-default elementor-section-height-default\" data-id=\"42afe14\" data-element_type=\"section\" data-e-type=\"section\">\n\t\t\t\t\t\t<div class=\"elementor-container elementor-column-gap-wider\">\n\t\t\t\t\t<div class=\"elementor-column elementor-col-33 elementor-top-column elementor-element elementor-element-d44aef4\" data-id=\"d44aef4\" data-element_type=\"column\" data-e-type=\"column\">\n\t\t\t<div class=\"elementor-widget-wrap elementor-element-populated\">\n\t\t\t\t\t\t<div class=\"elementor-element elementor-element-e062e4e elementor-widget elementor-widget-text-editor\" data-id=\"e062e4e\" data-element_type=\"widget\" data-e-type=\"widget\" data-widget_type=\"text-editor.default\">\n\t\t\t\t\t\t\t\t\t<h3><strong>Gu\u00edas &#8211; Bioluminiscente Kayaking temporada de verano<\/strong><\/h3><p>Contratamos gu\u00edas de temporada para nuestro tour de\u00a0<span style=\"color: #be481e;\"><a style=\"color: #be481e;\" href=\"https:\/\/www.bkadventure.com\/package\/bioluminescence-kayaking-night-tour\/\">kayak de bioluminiscencia de<\/a><\/span>\u00a0verano.\u00a0Los candidatos deben probar en nuestro bootcamp de 3 d\u00edas.\u00a0Si pasas las pruebas, est\u00e1s dentro!\u00a0BK Adventure espera que los gu\u00edas de verano est\u00e9n disponibles un m\u00ednimo de 4 d\u00edas a la semana, y todos los viernes y s\u00e1bados.\u00a0Debe poder levantar por lo menos 50 lb y trabajar en un entorno f\u00edsico al aire libre.\u00a0Los turnos son de 7pm a 1am (o hasta que terminen los tours).\u00a0Los candidatos deben estar certificados en primeros auxilios y aprobar una verificaci\u00f3n de antecedentes (requerida por el condado de Brevard, Florida).\u00a0P\u00f3ngase en contacto con Ram en BK Adventure:\u00a0info@bkadventure.com\u00a0&#8211; \u00abatenci\u00f3n Gerente de operaciones\u00bb.<\/p>\t\t\t\t\t\t\t\t<\/div>\n\t\t\t\t\t<\/div>\n\t\t<\/div>\n\t\t\t\t<div class=\"elementor-column elementor-col-33 elementor-top-column elementor-element elementor-element-2268d42\" data-id=\"2268d42\" data-element_type=\"column\" data-e-type=\"column\">\n\t\t\t<div class=\"elementor-widget-wrap elementor-element-populated\">\n\t\t\t\t\t\t<div class=\"elementor-element elementor-element-e45a1c4 elementor-widget elementor-widget-text-editor\" data-id=\"e45a1c4\" data-element_type=\"widget\" data-e-type=\"widget\" data-widget_type=\"text-editor.default\">\n\t\t\t\t\t\t\t\t\t<h3><strong>Marketing &#8211; Web Design \/ SEO intern<\/strong><\/h3><p>Necesitamos de 2 a 3 pasantes en nuestro departamento de marketing para trabajar en nuestros sitios web de la marca BK con nuestros gerentes de marketing.\u00a0Esto incluye los sitios web BK Adventure,\u00a0<span style=\"color: #be481e;\"><a style=\"color: #be481e;\" href=\"https:\/\/trekthimalaya.com\/\">Trekt Himalaya<\/a><\/span>\u00a0y\u00a0<span style=\"color: #be481e;\"><a style=\"color: #be481e;\" href=\"https:\/\/hardcorenepal.com\/\">Hardcore Nepal<\/a><\/span>\u00a0.\u00a0Se espera que los pasantes trabajen un m\u00ednimo de 3 d\u00edas por semana de 10-4.\u00a0Los deberes incluyen: dise\u00f1o web, implementaci\u00f3n de la estrategia SEO, trabajar con el soporte t\u00e9cnico del servidor, actualizar el software de reserva en l\u00ednea, etc. Un poco de experiencia en dise\u00f1o y codificaci\u00f3n es una ventaja.\u00a0Los pasantes trabajar\u00e1n con nuestro equipo de marketing para ayudar a implementar estrategias de contenido y mantener SERPs en nuestros sitios web. Enviar curr\u00edculum y carta de presentaci\u00f3n a:\u00a0info@bkadventure.com\u00a0&#8211; \u00abmarketing\u00bb de atenci\u00f3n.<\/p>\t\t\t\t\t\t\t\t<\/div>\n\t\t\t\t\t<\/div>\n\t\t<\/div>\n\t\t\t\t<div class=\"elementor-column elementor-col-33 elementor-top-column elementor-element elementor-element-aec2fcc\" data-id=\"aec2fcc\" data-element_type=\"column\" data-e-type=\"column\">\n\t\t\t<div class=\"elementor-widget-wrap elementor-element-populated\">\n\t\t\t\t\t\t<div class=\"elementor-element elementor-element-052b240 elementor-widget elementor-widget-text-editor\" data-id=\"052b240\" data-element_type=\"widget\" data-e-type=\"widget\" data-widget_type=\"text-editor.default\">\n\t\t\t\t\t\t\t\t\t<h3><strong>Marketing &#8211; Pasante de redes sociales<\/strong><\/h3>\n<p><\/p>\n<p><\/p>\n<p>Necesitamos de 2 a 3 pasantes en nuestro departamento de marketing para trabajar en nuestras redes sociales de la marca BK con nuestros gerentes de marketing. Se espera que los pasantes trabajen un m\u00ednimo de 3 d\u00edas por semana de 8:00 pm a 12:00 am durante los tours de bioluminiscencia. Los deberes incluyen: fotograf\u00eda, interacci\u00f3n con invitados, creaci\u00f3n de videos, publicaci\u00f3n en cuentas sociales. Los pasantes trabajar\u00e1n con nuestro equipo de marketing para ayudar a implementar estrategias de contenido y mantener SERPs en nuestros<br \/>sitios web. Enviar curr\u00edculum y carta de presentaci\u00f3n a: info@bkadventure.com &#8211; atenci\u00f3n \u201cmarketing\u201d<\/p>\t\t\t\t\t\t\t\t<\/div>\n\t\t\t\t\t<\/div>\n\t\t<\/div>\n\t\t\t\t\t<\/div>\n\t\t<\/section>\n\t\t\t\t<\/div>\n\t\t","protected":false},"excerpt":{"rendered":"<p>Ofertas de trabajo en BK Adventure \u00bfEres aventurero y te gustar\u00eda trabajar connosotros? \u00a1Estamos contratando!\u00a0\u00bfTe gusta el aire libre, la aventura, el kayak, el ciclismo ycontarle a la gente todo sobre la naturaleza? Entonces queremos saber de ti.\u00a0Tenemos puestos abiertos en los siguientes departamentos: Gu\u00edas &#8211; Bioluminiscente Kayaking temporada de verano Contratamos gu\u00edas de temporada &hellip; <\/p>\n<p class=\"mt-4\"><a class=\"read-more btn btn-lg btn-primary\" href=\"https:\/\/www.bkadventure.com\/es\/ofertas-de-trabajo-en-bk-adventure\/\" aria-label=\"Leer m\u00e1s about Ofertas de trabajo en BK Adventure\">Leer m\u00e1s<\/a><\/p>\n","protected":false},"author":1,"featured_media":4289,"parent":0,"menu_order":0,"comment_status":"closed","ping_status":"closed","template":"","meta":{"_acf_changed":false,"jetpack_post_was_ever_published":false,"footnotes":""},"class_list":["post-4287","page","type-page","status-publish","has-post-thumbnail","hentry"],"acf":[],"yoast_head":"<!-- This site is optimized with the Yoast SEO plugin v27.5 - https:\/\/yoast.com\/product\/yoast-seo-wordpress\/ -->\n<title>Ofertas de trabajo en BK Adventure<\/title>\n<meta name=\"robots\" content=\"index, follow, max-snippet:-1, max-image-preview:large, max-video-preview:-1\" \/>\n<link rel=\"canonical\" href=\"https:\/\/www.bkadventure.com\/es\/ofertas-de-trabajo-en-bk-adventure\/\" \/>\n<script type=\"application\/ld+json\" class=\"yoast-schema-graph\">{\"@context\":\"https:\\\/\\\/schema.org\",\"@graph\":[{\"@type\":\"BreadcrumbList\",\"@id\":\"https:\\\/\\\/www.bkadventure.com\\\/es\\\/ofertas-de-trabajo-en-bk-adventure\\\/#breadcrumb\",\"itemListElement\":[{\"@type\":\"ListItem\",\"position\":1,\"name\":\"Home\",\"item\":\"https:\\\/\\\/www.bkadventure.com\\\/es\\\/\"},{\"@type\":\"ListItem\",\"position\":2,\"name\":\"Ofertas de trabajo en BK Adventure\"}]}]}<\/script>\n<!-- \/ Yoast SEO plugin. -->","yoast_head_json":{"title":"Ofertas de trabajo en BK Adventure","robots":{"index":"index","follow":"follow","max-snippet":"max-snippet:-1","max-image-preview":"max-image-preview:large","max-video-preview":"max-video-preview:-1"},"canonical":"https:\/\/www.bkadventure.com\/es\/ofertas-de-trabajo-en-bk-adventure\/","schema":{"@context":"https:\/\/schema.org","@graph":[{"@type":"BreadcrumbList","@id":"https:\/\/www.bkadventure.com\/es\/ofertas-de-trabajo-en-bk-adventure\/#breadcrumb","itemListElement":[{"@type":"ListItem","position":1,"name":"Home","item":"https:\/\/www.bkadventure.com\/es\/"},{"@type":"ListItem","position":2,"name":"Ofertas de trabajo en BK Adventure"}]}]}},"jetpack_shortlink":"https:\/\/wp.me\/P70QlW-179","jetpack-related-posts":[{"id":4332,"url":"https:\/\/www.bkadventure.com\/es\/florida-bioluminiscencia-en-kayaks\/","url_meta":{"origin":4287,"position":0},"title":"Bioluminiscencia en kayaks y rafts","author":"BK Adventure","date":"octubre 8, 2016","format":false,"excerpt":"Bioluminescent kayaking tour in Florida. Departs every night near Space Coast and Orlando.","rel":"","context":"Entrada similar","block_context":{"text":"Entrada similar","link":""},"img":{"alt_text":"Smiling kayakers paddle under a starry night sky, surrounded by glowing blue bioluminescent waters.","src":"https:\/\/i0.wp.com\/www.bkadventure.com\/wp-content\/uploads\/2018\/04\/Bioluminescence-Haulover-Canal-Photo-600x400-web.jpg?resize=350%2C200&ssl=1","width":350,"height":200,"srcset":"https:\/\/i0.wp.com\/www.bkadventure.com\/wp-content\/uploads\/2018\/04\/Bioluminescence-Haulover-Canal-Photo-600x400-web.jpg?resize=350%2C200&ssl=1 1x, https:\/\/i0.wp.com\/www.bkadventure.com\/wp-content\/uploads\/2018\/04\/Bioluminescence-Haulover-Canal-Photo-600x400-web.jpg?resize=525%2C300&ssl=1 1.5x"},"classes":[]},{"id":4312,"url":"https:\/\/www.bkadventure.com\/es\/","url_meta":{"origin":4287,"position":1},"title":"Home Page &#8211; Spanish","author":"BK Adventure","date":"febrero 1, 2016","format":false,"excerpt":"\u00a1Las principales Aventuras de Bioluminiscencia en la Florida! BK Adventure tiene un recorrido para todos. Pruebe el kayak en t\u00e1ndem tradicional, una balsa familiar (ideal para ni\u00f1os, personas mayores o grupos) y los incre\u00edbles kayaks transparentes: \u00a1100% transparentes!BK Adventure (407) 519-8711 Carol Ressler Nuestro viaje fue dos d\u00edas despu\u00e9s de\u2026","rel":"","context":"Entrada similar","block_context":{"text":"Entrada similar","link":""},"img":{"alt_text":"Two people in Florida doing Bioluminescence kayaking.  ","src":"https:\/\/i0.wp.com\/www.bkadventure.com\/wp-content\/uploads\/2025\/01\/Website-Cover-BK-A-1.jpg?resize=350%2C200&ssl=1","width":350,"height":200,"srcset":"https:\/\/i0.wp.com\/www.bkadventure.com\/wp-content\/uploads\/2025\/01\/Website-Cover-BK-A-1.jpg?resize=350%2C200&ssl=1 1x, https:\/\/i0.wp.com\/www.bkadventure.com\/wp-content\/uploads\/2025\/01\/Website-Cover-BK-A-1.jpg?resize=525%2C300&ssl=1 1.5x, https:\/\/i0.wp.com\/www.bkadventure.com\/wp-content\/uploads\/2025\/01\/Website-Cover-BK-A-1.jpg?resize=700%2C400&ssl=1 2x, https:\/\/i0.wp.com\/www.bkadventure.com\/wp-content\/uploads\/2025\/01\/Website-Cover-BK-A-1.jpg?resize=1050%2C600&ssl=1 3x, https:\/\/i0.wp.com\/www.bkadventure.com\/wp-content\/uploads\/2025\/01\/Website-Cover-BK-A-1.jpg?resize=1400%2C800&ssl=1 4x"},"classes":[]},{"id":4351,"url":"https:\/\/www.bkadventure.com\/es\/kayak-en-orlando\/","url_meta":{"origin":4287,"position":2},"title":"Kayak en Orlando","author":"BK Adventure","date":"octubre 19, 2015","format":false,"excerpt":"Kayak en Orlando Kayak con BK Adventure Sunset Kayaking with Bioluminescence Sunset Kayaking with the Manatees. On this AMAZING tour, we visit Manatee Central, where you see manatees in their natural habitat. As the sun goes down, the dolphins like to play. In summer you will see bioluminescent sea life\u2026","rel":"","context":"Entrada similar","block_context":{"text":"Entrada similar","link":""},"img":{"alt_text":"","src":"https:\/\/i0.wp.com\/www.bkadventure.com\/wp-content\/uploads\/2016\/02\/12821382_1577990445857780_2048189791737970733_n.jpg?resize=350%2C200&ssl=1","width":350,"height":200,"srcset":"https:\/\/i0.wp.com\/www.bkadventure.com\/wp-content\/uploads\/2016\/02\/12821382_1577990445857780_2048189791737970733_n.jpg?resize=350%2C200&ssl=1 1x, https:\/\/i0.wp.com\/www.bkadventure.com\/wp-content\/uploads\/2016\/02\/12821382_1577990445857780_2048189791737970733_n.jpg?resize=525%2C300&ssl=1 1.5x, https:\/\/i0.wp.com\/www.bkadventure.com\/wp-content\/uploads\/2016\/02\/12821382_1577990445857780_2048189791737970733_n.jpg?resize=700%2C400&ssl=1 2x"},"classes":[]},{"id":8870,"url":"https:\/\/www.bkadventure.com\/es\/things-to-do-in-orlando-and-central-florida\/","url_meta":{"origin":4287,"position":3},"title":"Things to do in Orlando and Central Florida","author":"Syahir Hakim","date":"febrero 10, 2016","format":false,"excerpt":"Cosas que hacer en Orlando y Florida Central Filter St. Augustine Nights of Lights Grinch Tour Experience St. Augustine\u2019s Famous Nights of Lights with a Green Twist! Get ready for a hilariously unforgettable holiday adventure on our Grinch Who Stole Pinkmas Golf Cart Tour \u2014 a one-of-a-kind ride through historic\u2026","rel":"","context":"Entrada similar","block_context":{"text":"Entrada similar","link":""},"img":{"alt_text":"Nights of Lights St. Augustine Tour - The Grinch Who Stole Pinkmas. Pink Culture Tours in St. Augustine, Florida.","src":"https:\/\/i0.wp.com\/www.bkadventure.com\/wp-content\/uploads\/2025\/07\/Grinch-Pinkmas-683x1024.jpg?resize=350%2C200&ssl=1","width":350,"height":200,"srcset":"https:\/\/i0.wp.com\/www.bkadventure.com\/wp-content\/uploads\/2025\/07\/Grinch-Pinkmas-683x1024.jpg?resize=350%2C200&ssl=1 1x, https:\/\/i0.wp.com\/www.bkadventure.com\/wp-content\/uploads\/2025\/07\/Grinch-Pinkmas-683x1024.jpg?resize=525%2C300&ssl=1 1.5x"},"classes":[]},{"id":4296,"url":"https:\/\/www.bkadventure.com\/es\/oferta-especiales\/","url_meta":{"origin":4287,"position":4},"title":"Ofertas Especiales","author":"BK Adventure","date":"junio 6, 2016","format":false,"excerpt":"Ofertas Especiales Las siguientes promociones le permiten elegir entre una variedad de actividades y obtener la mejor tarifa en ese momento. Desde paquetes de actividades m\u00faltiples hasta ofertas especiales de mitad de semana, \u00a1hay una especial para ti! Sunset Date Night: tour en kayak de vida salvaje, delfines y bioluminiscencia\u2026","rel":"","context":"Entrada similar","block_context":{"text":"Entrada similar","link":""},"img":{"alt_text":"","src":"https:\/\/i0.wp.com\/www.bkadventure.com\/wp-content\/uploads\/2018\/06\/crop-this.jpg?resize=350%2C200&ssl=1","width":350,"height":200,"srcset":"https:\/\/i0.wp.com\/www.bkadventure.com\/wp-content\/uploads\/2018\/06\/crop-this.jpg?resize=350%2C200&ssl=1 1x, https:\/\/i0.wp.com\/www.bkadventure.com\/wp-content\/uploads\/2018\/06\/crop-this.jpg?resize=525%2C300&ssl=1 1.5x, https:\/\/i0.wp.com\/www.bkadventure.com\/wp-content\/uploads\/2018\/06\/crop-this.jpg?resize=700%2C400&ssl=1 2x"},"classes":[]}],"jetpack_sharing_enabled":true,"amp_enabled":true,"_links":{"self":[{"href":"https:\/\/www.bkadventure.com\/es\/wp-json\/wp\/v2\/pages\/4287","targetHints":{"allow":["GET"]}}],"collection":[{"href":"https:\/\/www.bkadventure.com\/es\/wp-json\/wp\/v2\/pages"}],"about":[{"href":"https:\/\/www.bkadventure.com\/es\/wp-json\/wp\/v2\/types\/page"}],"author":[{"embeddable":true,"href":"https:\/\/www.bkadventure.com\/es\/wp-json\/wp\/v2\/users\/1"}],"replies":[{"embeddable":true,"href":"https:\/\/www.bkadventure.com\/es\/wp-json\/wp\/v2\/comments?post=4287"}],"version-history":[{"count":13,"href":"https:\/\/www.bkadventure.com\/es\/wp-json\/wp\/v2\/pages\/4287\/revisions"}],"predecessor-version":[{"id":13245,"href":"https:\/\/www.bkadventure.com\/es\/wp-json\/wp\/v2\/pages\/4287\/revisions\/13245"}],"wp:featuredmedia":[{"embeddable":true,"href":"https:\/\/www.bkadventure.com\/es\/wp-json\/wp\/v2\/media\/4289"}],"wp:attachment":[{"href":"https:\/\/www.bkadventure.com\/es\/wp-json\/wp\/v2\/media?parent=4287"}],"curies":[{"name":"wp","href":"https:\/\/api.w.org\/{rel}","templated":true}]}}